{"id":842,"date":"2020-02-13T13:19:14","date_gmt":"2020-02-13T19:19:14","guid":{"rendered":"https:\/\/merseafood.com\/?page_id=842"},"modified":"2020-02-18T13:00:14","modified_gmt":"2020-02-18T19:00:14","slug":"rilarvi","status":"publish","type":"page","link":"https:\/\/merseafood.com\/?page_id=842","title":{"rendered":"RILARVI"},"content":{"rendered":"<p>[vc_row][vc_column width=\u00bb1\/2&#8243;][vc_single_image image=\u00bb874&#8243; img_size=\u00bbfull\u00bb][\/vc_column][vc_column width=\u00bb1\/2&#8243;][vc_column_text]RIVERMAR Larvicultura S. de R.L. nace bajo la necesidad de dar un salto de calidad en la<br \/>\nobtenci\u00f3n de post larva de camar\u00f3n que es la base de la producci\u00f3n de camar\u00f3n en<br \/>\nRIVERMAR. Cuidamos la alimentaci\u00f3n, el crecimiento y desarrollo de las larvas producidas<br \/>\nen nuestro laboratorio.<br \/>\nEs as\u00ed como en el a\u00f1o 2016 es fundada RIVERMAR Larvicultura S. de R.L. cerrando el circulo<br \/>\nproductivo en la cadena de valor, comprometidos en producir con los m\u00e1s altos est\u00e1ndares de<br \/>\ncalidad, de manera sostenible y con el mejor sabor, todo en un mismo lugar (in situ).<br \/>\nRILARVI est\u00e1 generando m\u00e1s de 45 empleos directos y 60 empleos indirectos que traen un<br \/>\nimpacto econ\u00f3mico positivo en la zona sur del pa\u00eds de Honduras.[\/vc_column_text][\/vc_column][\/vc_row]<\/p>\n","protected":false},"excerpt":{"rendered":"<p>[vc_row][vc_column width=\u00bb1\/2&#8243;][vc_single_image image=\u00bb874&#8243; img_size=\u00bbfull\u00bb][\/vc_column][vc_column width=\u00bb1\/2&#8243;][vc_column_text]RIVERMAR Larvicultura S. de R.L. nace bajo la necesidad de dar un salto de calidad en la obtenci\u00f3n de post larva de camar\u00f3n que es la base de la producci\u00f3n de camar\u00f3n en RIVERMAR. Cuidamos la alimentaci\u00f3n, el crecimiento y desarrollo de las larvas producidas en nuestro laboratorio. Es as\u00ed como [&hellip;]<\/p>\n","protected":false},"author":1,"featured_media":0,"parent":0,"menu_order":0,"comment_status":"closed","ping_status":"closed","template":"","meta":{"footnotes":""},"class_list":["post-842","page","type-page","status-publish","hentry"],"_links":{"self":[{"href":"https:\/\/merseafood.com\/index.php?rest_route=\/wp\/v2\/pages\/842","targetHints":{"allow":["GET"]}}],"collection":[{"href":"https:\/\/merseafood.com\/index.php?rest_route=\/wp\/v2\/pages"}],"about":[{"href":"https:\/\/merseafood.com\/index.php?rest_route=\/wp\/v2\/types\/page"}],"author":[{"embeddable":true,"href":"https:\/\/merseafood.com\/index.php?rest_route=\/wp\/v2\/users\/1"}],"replies":[{"embeddable":true,"href":"https:\/\/merseafood.com\/index.php?rest_route=%2Fwp%2Fv2%2Fcomments&post=842"}],"version-history":[{"count":7,"href":"https:\/\/merseafood.com\/index.php?rest_route=\/wp\/v2\/pages\/842\/revisions"}],"predecessor-version":[{"id":897,"href":"https:\/\/merseafood.com\/index.php?rest_route=\/wp\/v2\/pages\/842\/revisions\/897"}],"wp:attachment":[{"href":"https:\/\/merseafood.com\/index.php?rest_route=%2Fwp%2Fv2%2Fmedia&parent=842"}],"curies":[{"name":"wp","href":"https:\/\/api.w.org\/{rel}","templated":true}]}}