{"id":831,"date":"2020-02-13T13:11:46","date_gmt":"2020-02-13T19:11:46","guid":{"rendered":"https:\/\/merseafood.com\/?page_id=831"},"modified":"2022-10-20T20:06:03","modified_gmt":"2022-10-21T02:06:03","slug":"mer-seafood","status":"publish","type":"page","link":"https:\/\/merseafood.com\/?page_id=831","title":{"rendered":"MER"},"content":{"rendered":"<p>[vc_row][vc_column width=\u00bb1\/2&#8243;][vc_single_image image=\u00bb870&#8243; img_size=\u00bbfull\u00bb][\/vc_column][vc_column width=\u00bb1\/2&#8243;][vc_column_text]MER Seafood Trading S. de R.L.\u00a0 nace con la visi\u00f3n de poder incursionar en la comercializaci\u00f3n y exportaci\u00f3n de mariscos, especialmente el camar\u00f3n Litopenaeus Vannamei producido por Rivera Marina S. de R.L. (RIVERMAR). Es as\u00ed como en el a\u00f1o 2014 se constituye la empresa haciendo alianzas estrat\u00e9gicas para captar e incursionar en el mercado internacional.<\/p>\n<p>A trav\u00e9s de estas alianzas estrat\u00e9gicas nuestro producto tiene presencia en pa\u00edses como Taiw\u00e1n, Espa\u00f1a, Holanda, Inglaterra, Francia, Estados Unidos, M\u00e9xico, entre otros.<\/p>\n<p>Actualmente MER Seafood Trading S. de R.L. se encuentra certificado bajo est\u00e1ndar de cadena de custodia MSC (MSC Chain of Custody) v\u00e1lido hasta Mayo de 2022 reconocido por Aquaculture Stewardship Council (ASC).<\/p>\n<p>MER Seafood Trading est\u00e1 generando m\u00e1s de 150 empleos de manera directa e indirecta, creando un impacto en la econom\u00eda familiar de la zona sur del pa\u00eds, comprometidos en exportar productos de la mejor calidad, producidos de manera sostenible y siempre con el mejor sabor, bajo nuestro slogan \u201cCalidad certificada\u201d.<\/p>\n<p>&nbsp;<\/p>\n<p><strong>Nuestras marcas:<\/strong><\/p>\n<ul>\n<li>Aurora, camar\u00f3n entero (HOSO).<\/li>\n<li>Victoria, camar\u00f3n sin cabeza (SO).<\/li>\n<li>Peter, camar\u00f3n pelado (PDTO).<\/li>\n<\/ul>\n<p><strong>Nuestros tipos de empaque:<\/strong><\/p>\n<ul>\n<li>2 Kg.<\/li>\n<li>1.02 Kg.<\/li>\n<li>950 g.<\/li>\n<li>850 g.<\/li>\n<li>750 g.<\/li>\n<\/ul>\n<p>&nbsp;<\/p>\n<p><strong>Coloraci\u00f3n:<\/strong><\/p>\n<ul>\n<li>A2-A4<\/li>\n<\/ul>\n<p><strong>Tipo de producto:<\/strong><\/p>\n<ul>\n<li>Entero block freezado.<\/li>\n<li>Shell on freezado.<\/li>\n<li>Shell on ND.<\/li>\n<\/ul>\n<p>[\/vc_column_text][\/vc_column][\/vc_row]<\/p>\n","protected":false},"excerpt":{"rendered":"<p>[vc_row][vc_column width=\u00bb1\/2&#8243;][vc_single_image image=\u00bb870&#8243; img_size=\u00bbfull\u00bb][\/vc_column][vc_column width=\u00bb1\/2&#8243;][vc_column_text]MER Seafood Trading S. de R.L.\u00a0 nace con la visi\u00f3n de poder incursionar en la comercializaci\u00f3n y exportaci\u00f3n de mariscos, especialmente el camar\u00f3n Litopenaeus Vannamei producido por Rivera Marina S. de R.L. (RIVERMAR). Es as\u00ed como en el a\u00f1o 2014 se constituye la empresa haciendo alianzas estrat\u00e9gicas para captar e incursionar [&hellip;]<\/p>\n","protected":false},"author":1,"featured_media":0,"parent":0,"menu_order":0,"comment_status":"closed","ping_status":"closed","template":"","meta":{"footnotes":""},"class_list":["post-831","page","type-page","status-publish","hentry"],"_links":{"self":[{"href":"https:\/\/merseafood.com\/index.php?rest_route=\/wp\/v2\/pages\/831","targetHints":{"allow":["GET"]}}],"collection":[{"href":"https:\/\/merseafood.com\/index.php?rest_route=\/wp\/v2\/pages"}],"about":[{"href":"https:\/\/merseafood.com\/index.php?rest_route=\/wp\/v2\/types\/page"}],"author":[{"embeddable":true,"href":"https:\/\/merseafood.com\/index.php?rest_route=\/wp\/v2\/users\/1"}],"replies":[{"embeddable":true,"href":"https:\/\/merseafood.com\/index.php?rest_route=%2Fwp%2Fv2%2Fcomments&post=831"}],"version-history":[{"count":10,"href":"https:\/\/merseafood.com\/index.php?rest_route=\/wp\/v2\/pages\/831\/revisions"}],"predecessor-version":[{"id":1216,"href":"https:\/\/merseafood.com\/index.php?rest_route=\/wp\/v2\/pages\/831\/revisions\/1216"}],"wp:attachment":[{"href":"https:\/\/merseafood.com\/index.php?rest_route=%2Fwp%2Fv2%2Fmedia&parent=831"}],"curies":[{"name":"wp","href":"https:\/\/api.w.org\/{rel}","templated":true}]}}