{"id":824,"date":"2020-02-13T12:56:52","date_gmt":"2020-02-13T18:56:52","guid":{"rendered":"https:\/\/merseafood.com\/?page_id=824"},"modified":"2020-02-13T21:36:10","modified_gmt":"2020-02-14T03:36:10","slug":"rivermar","status":"publish","type":"page","link":"https:\/\/merseafood.com\/?page_id=824","title":{"rendered":"RIVERMAR"},"content":{"rendered":"<p>[vc_row][vc_column width=\u00bb1\/2&#8243;][vc_single_image image=\u00bb876&#8243; img_size=\u00bbfull\u00bb][\/vc_column][vc_column width=\u00bb1\/2&#8243;][vc_column_text]Rivera Marina S. de R.L. fue fundada en el a\u00f1o de 1996 por don Medardo Efrain Rivera, con veinte (20) hect\u00e1reas de espejo de agua y el esfuerzo de quince (15) eficientes trabajadores produciendo cerca de cincuenta mil (50,000 lb) libras de camar\u00f3n en su primer a\u00f1o de operaciones.<\/p>\n<p>Para el a\u00f1o 2020, contamos con trescientos ochenta y siete (387) hect\u00e1reas productivas de espejo de agua, creando m\u00e1s de ciento cuarenta (140) empleos directos y m\u00e1s de noventa (90) empleos indirectos y generando as\u00ed un impacto positivo en la zona de la Aldea El Ojochal, Marcovia y sus alrededores.<\/p>\n<p>En RIVERMAR estamos produciendo m\u00e1s de tres millones cien mil libras de camar\u00f3n (3,100,000.00 lb) anualmente, comprometidos en cumplir con los m\u00e1s altos est\u00e1ndares de calidad, de manera sostenible y con el mejor sabor.<\/p>\n<p>Actualmente contamos con la certificaci\u00f3n otorgada por Aquaculture Stewardship Council (ASC) de nuestro camar\u00f3n Litopeanaeus Vannamei, v\u00e1lido hasta Mayo de 2022.<\/p>\n<p>[\/vc_column_text][\/vc_column][\/vc_row]<\/p>\n","protected":false},"excerpt":{"rendered":"<p>[vc_row][vc_column width=\u00bb1\/2&#8243;][vc_single_image image=\u00bb876&#8243; img_size=\u00bbfull\u00bb][\/vc_column][vc_column width=\u00bb1\/2&#8243;][vc_column_text]Rivera Marina S. de R.L. fue fundada en el a\u00f1o de 1996 por don Medardo Efrain Rivera, con veinte (20) hect\u00e1reas de espejo de agua y el esfuerzo de quince (15) eficientes trabajadores produciendo cerca de cincuenta mil (50,000 lb) libras de camar\u00f3n en su primer a\u00f1o de operaciones. Para el [&hellip;]<\/p>\n","protected":false},"author":1,"featured_media":0,"parent":0,"menu_order":0,"comment_status":"closed","ping_status":"closed","template":"","meta":{"footnotes":""},"class_list":["post-824","page","type-page","status-publish","hentry"],"_links":{"self":[{"href":"https:\/\/merseafood.com\/index.php?rest_route=\/wp\/v2\/pages\/824","targetHints":{"allow":["GET"]}}],"collection":[{"href":"https:\/\/merseafood.com\/index.php?rest_route=\/wp\/v2\/pages"}],"about":[{"href":"https:\/\/merseafood.com\/index.php?rest_route=\/wp\/v2\/types\/page"}],"author":[{"embeddable":true,"href":"https:\/\/merseafood.com\/index.php?rest_route=\/wp\/v2\/users\/1"}],"replies":[{"embeddable":true,"href":"https:\/\/merseafood.com\/index.php?rest_route=%2Fwp%2Fv2%2Fcomments&post=824"}],"version-history":[{"count":4,"href":"https:\/\/merseafood.com\/index.php?rest_route=\/wp\/v2\/pages\/824\/revisions"}],"predecessor-version":[{"id":878,"href":"https:\/\/merseafood.com\/index.php?rest_route=\/wp\/v2\/pages\/824\/revisions\/878"}],"wp:attachment":[{"href":"https:\/\/merseafood.com\/index.php?rest_route=%2Fwp%2Fv2%2Fmedia&parent=824"}],"curies":[{"name":"wp","href":"https:\/\/api.w.org\/{rel}","templated":true}]}}